{"id":15,"date":"2024-01-29T19:14:36","date_gmt":"2024-01-29T18:14:36","guid":{"rendered":"http:\/\/localhost\/concept\/?page_id=15"},"modified":"2025-12-18T17:35:49","modified_gmt":"2025-12-18T16:35:49","slug":"accueil","status":"publish","type":"page","link":"https:\/\/concept-monaco.com\/","title":{"rendered":"Accueil"},"content":{"rendered":"\t\t<div data-elementor-type=\"wp-page\" data-elementor-id=\"15\" class=\"elementor elementor-15\" data-elementor-post-type=\"page\">\n\t\t\t\t<div class=\"elementor-element elementor-element-7e1e454 e-con-full e-flex e-con e-parent\" data-id=\"7e1e454\" data-element_type=\"container\">\n\t\t<div class=\"elementor-element elementor-element-2a85a44 e-con-full e-flex e-con e-child\" data-id=\"2a85a44\" data-element_type=\"container\" data-settings=\"{&quot;background_background&quot;:&quot;video&quot;,&quot;background_video_link&quot;:&quot;\\\/wp-content\\\/uploads\\\/2024\\\/09\\\/concept-monaco.mov&quot;,&quot;background_play_on_mobile&quot;:&quot;yes&quot;}\">\n\t\t<div class=\"elementor-background-video-container\" aria-hidden=\"true\">\n\t\t\t\t\t\t\t<video class=\"elementor-background-video-hosted\" autoplay muted playsinline loop><\/video>\n\t\t\t\t\t<\/div>\t\t<div class=\"elementor-element elementor-element-97a6d1a elementor-widget elementor-widget-heading\" data-id=\"97a6d1a\" data-element_type=\"widget\" data-widget_type=\"heading.default\">\n\t\t\t\t<div class=\"elementor-widget-container\">\n\t\t\t\t\t<h2 class=\"elementor-heading-title elementor-size-default\"><strong>Manufacture<\/strong><br \/>d'un patrimoine<br \/> Durable<\/h2>\t\t\t\t<\/div>\n\t\t\t\t<\/div>\n\t\t\t\t<\/div>\n\t\t\t\t<\/div>\n\t\t<div class=\"elementor-element elementor-element-63c1aa8 e-flex e-con-boxed e-con e-parent\" data-id=\"63c1aa8\" data-element_type=\"container\">\n\t\t\t\t\t<div class=\"e-con-inner\">\n\t\t<div class=\"elementor-element elementor-element-e3594db e-con-full e-flex e-con e-child\" data-id=\"e3594db\" data-element_type=\"container\">\n\t\t<div class=\"elementor-element elementor-element-6da6b34 e-flex e-con-boxed e-con e-child\" data-id=\"6da6b34\" data-element_type=\"container\">\n\t\t\t\t\t<div class=\"e-con-inner\">\n\t\t\t\t<div class=\"elementor-element elementor-element-a1bd503 elementor-widget elementor-widget-heading\" data-id=\"a1bd503\" data-element_type=\"widget\" data-widget_type=\"heading.default\">\n\t\t\t\t<div class=\"elementor-widget-container\">\n\t\t\t\t\t<h2 class=\"elementor-heading-title elementor-size-default\">Le mot du pr\u00e9sident<\/h2>\t\t\t\t<\/div>\n\t\t\t\t<\/div>\n\t\t\t\t<div class=\"elementor-element elementor-element-6e0dbab elementor-widget elementor-widget-text-editor\" data-id=\"6e0dbab\" data-element_type=\"widget\" data-widget_type=\"text-editor.default\">\n\t\t\t\t<div class=\"elementor-widget-container\">\n\t\t\t\t\t\t\t\t\t<p><img fetchpriority=\"high\" decoding=\"async\" class=\"president alignleft wp-image-615 size-medium\" src=\"https:\/\/concept-monaco.com\/wp-content\/uploads\/2024\/10\/nabil-bentaieb-300x300.png\" alt=\"\" width=\"300\" height=\"300\" srcset=\"https:\/\/concept-monaco.com\/wp-content\/uploads\/2024\/10\/nabil-bentaieb-300x300.png 300w, https:\/\/concept-monaco.com\/wp-content\/uploads\/2024\/10\/nabil-bentaieb-1024x1020.png 1024w, https:\/\/concept-monaco.com\/wp-content\/uploads\/2024\/10\/nabil-bentaieb-150x150.png 150w, https:\/\/concept-monaco.com\/wp-content\/uploads\/2024\/10\/nabil-bentaieb-768x765.png 768w, https:\/\/concept-monaco.com\/wp-content\/uploads\/2024\/10\/nabil-bentaieb.png 1452w\" sizes=\"(max-width: 300px) 100vw, 300px\" \/><\/p><p>Bienvenue sur le site de CONCEPT.<br \/>En tant que pr\u00e9sident de cette entreprise, je suis fier de vous pr\u00e9senter notre engagement \u00e0 transformer le secteur de la construction et de l\u2019am\u00e9nagement pour l\u2019adapter aux d\u00e9fis contemporains.<\/p><p>Aujourd\u2019hui plus que jamais, notre environnement b\u00e2ti doit \u00e9voluer pour r\u00e9pondre aux enjeux environnementaux et soci\u00e9taux. Chez CONCEPT, nous croyons fermement que l\u2019avenir repose sur des solutions r\u00e9silientes, durables et respectueuses de notre plan\u00e8te. Nous accompagnons nos partenaires sur l\u2019ensemble de la cha\u00eene de valeur, en leur proposant des approches novatrices qui r\u00e9pondent aux besoins d\u2019aujourd\u2019hui tout en anticipant ceux de demain.<\/p><p>Notre vision globale, alliant innovation technologique, responsabilit\u00e9 environnementale et compr\u00e9hension des besoins humains, nous permet de concevoir des espaces de vie et de travail durables, tout en valorisant les investissements. Nous croyons en un avenir o\u00f9 l\u2019architecture, la ville et le b\u00e2ti joueront un r\u00f4le central dans la transition \u00e9cologique et la construction d\u2019une soci\u00e9t\u00e9 plus inclusive.<\/p><p>Avec dynamisme et passion, nous mettons tout en \u0153uvre pour vous offrir des solutions sur mesure, \u00e0 la hauteur de vos ambitions, et pour contribuer ensemble \u00e0 b\u00e2tir un monde plus r\u00e9silient, plus harmonieux et plus responsable.<\/p><p>Merci de votre confiance et bonne visite !<\/p><p style=\"text-align: left;\"><strong>Nabil Bentaieb<\/strong><br \/><em>Pr\u00e9sident de CONCEPT<\/em><\/p>\t\t\t\t\t\t\t\t<\/div>\n\t\t\t\t<\/div>\n\t\t\t\t\t<\/div>\n\t\t\t\t<\/div>\n\t\t\t\t<\/div>\n\t\t\t\t\t<\/div>\n\t\t\t\t<\/div>\n\t\t\t\t<\/div>\n\t\t","protected":false},"excerpt":{"rendered":"<p>Manufactured&rsquo;un patrimoine Durable Le mot du pr\u00e9sident Bienvenue sur le site de CONCEPT.En tant que pr\u00e9sident de cette entreprise, je suis fier de vous pr\u00e9senter notre engagement \u00e0 transformer le secteur de la construction et de l\u2019am\u00e9nagement pour l\u2019adapter aux d\u00e9fis contemporains. Aujourd\u2019hui plus que jamais, notre environnement b\u00e2ti doit \u00e9voluer pour r\u00e9pondre aux enjeux [&hellip;]<\/p>\n","protected":false},"author":1,"featured_media":0,"parent":0,"menu_order":0,"comment_status":"closed","ping_status":"closed","template":"","meta":{"footnotes":""},"class_list":["post-15","page","type-page","status-publish","hentry"],"_links":{"self":[{"href":"https:\/\/concept-monaco.com\/index.php?rest_route=\/wp\/v2\/pages\/15","targetHints":{"allow":["GET"]}}],"collection":[{"href":"https:\/\/concept-monaco.com\/index.php?rest_route=\/wp\/v2\/pages"}],"about":[{"href":"https:\/\/concept-monaco.com\/index.php?rest_route=\/wp\/v2\/types\/page"}],"author":[{"embeddable":true,"href":"https:\/\/concept-monaco.com\/index.php?rest_route=\/wp\/v2\/users\/1"}],"replies":[{"embeddable":true,"href":"https:\/\/concept-monaco.com\/index.php?rest_route=%2Fwp%2Fv2%2Fcomments&post=15"}],"version-history":[{"count":178,"href":"https:\/\/concept-monaco.com\/index.php?rest_route=\/wp\/v2\/pages\/15\/revisions"}],"predecessor-version":[{"id":1286,"href":"https:\/\/concept-monaco.com\/index.php?rest_route=\/wp\/v2\/pages\/15\/revisions\/1286"}],"wp:attachment":[{"href":"https:\/\/concept-monaco.com\/index.php?rest_route=%2Fwp%2Fv2%2Fmedia&parent=15"}],"curies":[{"name":"wp","href":"https:\/\/api.w.org\/{rel}","templated":true}]}}