{"id":184,"date":"2024-02-03T11:31:39","date_gmt":"2024-02-03T10:31:39","guid":{"rendered":"http:\/\/localhost\/concept\/?page_id=184"},"modified":"2025-10-06T18:49:31","modified_gmt":"2025-10-06T16:49:31","slug":"qui-sommes-nous","status":"publish","type":"page","link":"https:\/\/concept-monaco.com\/?page_id=184","title":{"rendered":"Qui sommes nous"},"content":{"rendered":"\t\t<div data-elementor-type=\"wp-page\" data-elementor-id=\"184\" class=\"elementor elementor-184\" data-elementor-post-type=\"page\">\n\t\t\t\t<div class=\"elementor-element elementor-element-779213f9 e-con-full e-flex e-con e-parent\" data-id=\"779213f9\" data-element_type=\"container\">\n\t\t<div class=\"elementor-element elementor-element-1b12a865 e-con-full e-flex e-con e-child\" data-id=\"1b12a865\" data-element_type=\"container\" data-settings=\"{&quot;background_background&quot;:&quot;video&quot;,&quot;background_video_link&quot;:&quot;https:\\\/\\\/concept-monaco.com\\\/wp-content\\\/uploads\\\/2024\\\/10\\\/monaco-concept.mov&quot;,&quot;background_play_on_mobile&quot;:&quot;yes&quot;}\">\n\t\t<div class=\"elementor-background-video-container\" aria-hidden=\"true\">\n\t\t\t\t\t\t\t<video class=\"elementor-background-video-hosted\" autoplay muted playsinline loop><\/video>\n\t\t\t\t\t<\/div>\t\t<div class=\"elementor-element elementor-element-4446c74e elementor-widget elementor-widget-heading\" data-id=\"4446c74e\" data-element_type=\"widget\" data-widget_type=\"heading.default\">\n\t\t\t\t<div class=\"elementor-widget-container\">\n\t\t\t\t\t<h2 class=\"elementor-heading-title elementor-size-default\">\n<b>Qui<\/b><br \/> \nsommes nous<\/h2>\t\t\t\t<\/div>\n\t\t\t\t<\/div>\n\t\t\t\t<\/div>\n\t\t\t\t<\/div>\n\t\t<div class=\"elementor-element elementor-element-12851c6 e-flex e-con-boxed e-con e-parent\" data-id=\"12851c6\" data-element_type=\"container\">\n\t\t\t\t\t<div class=\"e-con-inner\">\n\t\t<div class=\"elementor-element elementor-element-6befc2d e-con-full elementor-hidden-mobile e-flex e-con e-child\" data-id=\"6befc2d\" data-element_type=\"container\" data-settings=\"{&quot;background_background&quot;:&quot;classic&quot;}\">\n\t\t\t\t<\/div>\n\t\t<div class=\"elementor-element elementor-element-bc12b98 e-con-full e-flex e-con e-child\" data-id=\"bc12b98\" data-element_type=\"container\">\n\t\t<div class=\"elementor-element elementor-element-cccbef1 e-flex e-con-boxed e-con e-child\" data-id=\"cccbef1\" data-element_type=\"container\">\n\t\t\t\t\t<div class=\"e-con-inner\">\n\t\t\t\t<div class=\"elementor-element elementor-element-70ffda5 elementor-widget elementor-widget-text-editor\" data-id=\"70ffda5\" data-element_type=\"widget\" data-widget_type=\"text-editor.default\">\n\t\t\t\t<div class=\"elementor-widget-container\">\n\t\t\t\t\t\t\t\t\t<p>Nous sommes une entreprise jeune, port\u00e9e par une \u00e9quipe d\u2019experts chevronn\u00e9s, d\u00e9di\u00e9e \u00e0 offrir des solutions personnalis\u00e9es et durables pour s\u00e9curiser vos investissements.<\/p><p>Nous conjuguons comp\u00e9tences techniques, environnementales et urbanistiques afin d\u2019accompagner investisseurs priv\u00e9s ou institutionnels, propri\u00e9taires et utilisateurs dans la concr\u00e9tisation de leurs projets.<br \/>Notre mission : vous guider vers un mod\u00e8le de d\u00e9veloppement plus r\u00e9silient, responsable et en harmonie avec les enjeux contemporains.<\/p><p style=\"text-align: left;\">Notre activit\u00e9 s\u2019\u00e9tend au<strong><span style=\"text-decoration: underline;\"> conseil<\/span><\/strong> et \u00e0 <strong><span style=\"text-decoration: underline;\">l\u2019assistance \u00e0 ma\u00eetrise d\u2019ouvrage (AMO)<\/span><\/strong>, couvrant chaque \u00e9tape de vos projets, de la conception \u00e0 l\u2019exploitation des b\u00e2timents. Nous intervenons dans des secteurs aussi vari\u00e9s que le tertiaire, le Retail, l\u2019enseignement, la recherche, la justice, ainsi que les \u00e9quipements sportifs, de loisirs et les b\u00e2timents administratifs.<\/p><p style=\"text-align: left;\">Outre notre expertise en Conseil, CONCEPT assure \u00e9galement la mise en \u0153uvre op\u00e9rationnelle de vos projets gr\u00e2ce \u00e0 une approche int\u00e9gr\u00e9e de la construction. Nous g\u00e9rons chaque phase avec rigueur, de la coordination des \u00e9quipes \u00e0 la supervision des travaux, en passant par la gestion des ressources et des d\u00e9lais. Cette approche garantit une ex\u00e9cution fluide et ma\u00eetris\u00e9e de vos chantiers, tout en respectant les exigences de qualit\u00e9, de co\u00fbts et de d\u00e9lais.<\/p><p style=\"text-align: left;\">La synergie de nos m\u00e9tiers nous permet d\u2019ajouter une forte valeur ajout\u00e9e \u00e0 vos op\u00e9rations, vous offrant ainsi des solutions compl\u00e8tes, de la strat\u00e9gie \u00e0 la construction op\u00e9rationnelle.<\/p>\t\t\t\t\t\t\t\t<\/div>\n\t\t\t\t<\/div>\n\t\t\t\t<div class=\"elementor-element elementor-element-4b40d2c elementor-hidden-desktop elementor-hidden-tablet elementor-widget elementor-widget-image\" data-id=\"4b40d2c\" data-element_type=\"widget\" data-widget_type=\"image.default\">\n\t\t\t\t<div class=\"elementor-widget-container\">\n\t\t\t\t\t\t\t\t\t\t\t\t\t\t\t<img fetchpriority=\"high\" decoding=\"async\" width=\"683\" height=\"1024\" src=\"https:\/\/concept-monaco.com\/wp-content\/uploads\/2024\/10\/monaco-concept-1-683x1024.jpeg\" class=\"attachment-large size-large wp-image-594\" alt=\"\" srcset=\"https:\/\/concept-monaco.com\/wp-content\/uploads\/2024\/10\/monaco-concept-1-683x1024.jpeg 683w, https:\/\/concept-monaco.com\/wp-content\/uploads\/2024\/10\/monaco-concept-1-200x300.jpeg 200w, https:\/\/concept-monaco.com\/wp-content\/uploads\/2024\/10\/monaco-concept-1-768x1152.jpeg 768w, https:\/\/concept-monaco.com\/wp-content\/uploads\/2024\/10\/monaco-concept-1-1024x1536.jpeg 1024w, https:\/\/concept-monaco.com\/wp-content\/uploads\/2024\/10\/monaco-concept-1-1365x2048.jpeg 1365w, https:\/\/concept-monaco.com\/wp-content\/uploads\/2024\/10\/monaco-concept-1-scaled.jpeg 1707w\" sizes=\"(max-width: 683px) 100vw, 683px\" \/>\t\t\t\t\t\t\t\t\t\t\t\t\t\t\t<\/div>\n\t\t\t\t<\/div>\n\t\t\t\t\t<\/div>\n\t\t\t\t<\/div>\n\t\t\t\t<\/div>\n\t\t\t\t\t<\/div>\n\t\t\t\t<\/div>\n\t\t\t\t<\/div>\n\t\t","protected":false},"excerpt":{"rendered":"<p>Qui sommes nous Nous sommes une entreprise jeune, port\u00e9e par une \u00e9quipe d\u2019experts chevronn\u00e9s, d\u00e9di\u00e9e \u00e0 offrir des solutions personnalis\u00e9es et durables pour s\u00e9curiser vos investissements. Nous conjuguons comp\u00e9tences techniques, environnementales et urbanistiques afin d\u2019accompagner investisseurs priv\u00e9s ou institutionnels, propri\u00e9taires et utilisateurs dans la concr\u00e9tisation de leurs projets.Notre mission : vous guider vers un mod\u00e8le [&hellip;]<\/p>\n","protected":false},"author":1,"featured_media":0,"parent":0,"menu_order":0,"comment_status":"closed","ping_status":"closed","template":"","meta":{"footnotes":""},"class_list":["post-184","page","type-page","status-publish","hentry"],"_links":{"self":[{"href":"https:\/\/concept-monaco.com\/index.php?rest_route=\/wp\/v2\/pages\/184","targetHints":{"allow":["GET"]}}],"collection":[{"href":"https:\/\/concept-monaco.com\/index.php?rest_route=\/wp\/v2\/pages"}],"about":[{"href":"https:\/\/concept-monaco.com\/index.php?rest_route=\/wp\/v2\/types\/page"}],"author":[{"embeddable":true,"href":"https:\/\/concept-monaco.com\/index.php?rest_route=\/wp\/v2\/users\/1"}],"replies":[{"embeddable":true,"href":"https:\/\/concept-monaco.com\/index.php?rest_route=%2Fwp%2Fv2%2Fcomments&post=184"}],"version-history":[{"count":76,"href":"https:\/\/concept-monaco.com\/index.php?rest_route=\/wp\/v2\/pages\/184\/revisions"}],"predecessor-version":[{"id":1084,"href":"https:\/\/concept-monaco.com\/index.php?rest_route=\/wp\/v2\/pages\/184\/revisions\/1084"}],"wp:attachment":[{"href":"https:\/\/concept-monaco.com\/index.php?rest_route=%2Fwp%2Fv2%2Fmedia&parent=184"}],"curies":[{"name":"wp","href":"https:\/\/api.w.org\/{rel}","templated":true}]}}