{"id":447,"date":"2024-10-02T15:23:03","date_gmt":"2024-10-02T13:23:03","guid":{"rendered":"https:\/\/concept-monaco.com\/?page_id=447"},"modified":"2025-10-06T18:56:45","modified_gmt":"2025-10-06T16:56:45","slug":"activite-assistance-a-maitrise-douvrage","status":"publish","type":"page","link":"https:\/\/concept-monaco.com\/?page_id=447","title":{"rendered":"Activit\u00e9 Assistance \u00e0 Ma\u00eetrise d\u2019Ouvrage"},"content":{"rendered":"\t\t<div data-elementor-type=\"wp-page\" data-elementor-id=\"447\" class=\"elementor elementor-447\" data-elementor-post-type=\"page\">\n\t\t\t\t<div class=\"elementor-element elementor-element-395dbdf e-flex e-con-boxed e-con e-parent\" data-id=\"395dbdf\" data-element_type=\"container\">\n\t\t\t\t\t<div class=\"e-con-inner\">\n\t\t\t\t\t<\/div>\n\t\t\t\t<\/div>\n\t\t<div class=\"elementor-element elementor-element-b7a3f3d e-flex e-con-boxed e-con e-parent\" data-id=\"b7a3f3d\" data-element_type=\"container\">\n\t\t\t\t\t<div class=\"e-con-inner\">\n\t\t\t\t\t<\/div>\n\t\t\t\t<\/div>\n\t\t<div class=\"elementor-element elementor-element-6620827b e-con-full e-flex e-con e-parent\" data-id=\"6620827b\" data-element_type=\"container\">\n\t\t<div class=\"elementor-element elementor-element-3b5ae428 e-con-full e-flex e-con e-child\" data-id=\"3b5ae428\" data-element_type=\"container\" data-settings=\"{&quot;background_background&quot;:&quot;classic&quot;}\">\n\t\t\t\t<div class=\"elementor-element elementor-element-39af2f43 elementor-widget elementor-widget-heading\" data-id=\"39af2f43\" data-element_type=\"widget\" data-widget_type=\"heading.default\">\n\t\t\t\t<div class=\"elementor-widget-container\">\n\t\t\t\t\t<h2 class=\"elementor-heading-title elementor-size-default\">Assistance <br \/>\n<b>\u00e0 Ma\u00eetrise d\u2019Ouvrage<\/b><\/h2>\t\t\t\t<\/div>\n\t\t\t\t<\/div>\n\t\t\t\t<\/div>\n\t\t\t\t<\/div>\n\t\t<div class=\"elementor-element elementor-element-95788bb e-flex e-con-boxed e-con e-parent\" data-id=\"95788bb\" data-element_type=\"container\">\n\t\t\t\t\t<div class=\"e-con-inner\">\n\t\t\t\t<div class=\"elementor-element elementor-element-70549951 elementor-widget elementor-widget-text-editor\" data-id=\"70549951\" data-element_type=\"widget\" data-widget_type=\"text-editor.default\">\n\t\t\t\t<div class=\"elementor-widget-container\">\n\t\t\t\t\t\t\t\t\t<p>L\u2019expertise de <strong>CONCEPT<\/strong> en mati\u00e8re d\u2019assistance \u00e0 ma\u00eetrise d\u2019ouvrage (AMO) accompagne les Ma\u00eetres d\u2019Ouvrage dans la mise en \u0153uvre de leur strat\u00e9gie patrimoniale et la r\u00e9alisation de leurs projets dans des secteurs vari\u00e9s : tertiaire, commerce, enseignement, recherche, justice, ainsi que pour les \u00e9quipements sportifs, culturels, de loisirs ou administratifs.<\/p><p>Cette activit\u00e9 nous conduit \u00e0 intervenir sur des op\u00e9rations complexes, renfor\u00e7ant notre l\u00e9gitimit\u00e9 et notre reconnaissance aupr\u00e8s de nos clients et partenaires. Nous contribuons ainsi activement \u00e0 la transformation et \u00e0 l\u2019am\u00e9nagement durable des territoires.<br \/>La synergie entre les diff\u00e9rents p\u00f4les de <strong>CONCEPT<\/strong> nous permet d\u2019apporter une valeur ajout\u00e9e suppl\u00e9mentaire \u00e0 chacune de vos op\u00e9rations.<\/p>\t\t\t\t\t\t\t\t<\/div>\n\t\t\t\t<\/div>\n\t\t\t\t\t<\/div>\n\t\t\t\t<\/div>\n\t\t<div class=\"elementor-element elementor-element-36703195 e-flex e-con-boxed e-con e-parent\" data-id=\"36703195\" data-element_type=\"container\">\n\t\t\t\t\t<div class=\"e-con-inner\">\n\t\t<div class=\"elementor-element elementor-element-6a9cce7b e-con-full elementor-hidden-mobile e-flex e-con e-child\" data-id=\"6a9cce7b\" data-element_type=\"container\" data-settings=\"{&quot;background_background&quot;:&quot;classic&quot;}\">\n\t\t\t\t<\/div>\n\t\t<div class=\"elementor-element elementor-element-1bb82985 e-con-full e-flex e-con e-child\" data-id=\"1bb82985\" data-element_type=\"container\">\n\t\t<div class=\"elementor-element elementor-element-3e615790 e-flex e-con-boxed e-con e-child\" data-id=\"3e615790\" data-element_type=\"container\">\n\t\t\t\t\t<div class=\"e-con-inner\">\n\t\t\t\t<div class=\"elementor-element elementor-element-1e2fc78 elementor-widget elementor-widget-heading\" data-id=\"1e2fc78\" data-element_type=\"widget\" data-widget_type=\"heading.default\">\n\t\t\t\t<div class=\"elementor-widget-container\">\n\t\t\t\t\t<h2 class=\"elementor-heading-title elementor-size-default\">Nos Champs d\u2019expertise<\/h2>\t\t\t\t<\/div>\n\t\t\t\t<\/div>\n\t\t\t\t<div class=\"elementor-element elementor-element-81ece7f elementor-widget elementor-widget-text-editor\" data-id=\"81ece7f\" data-element_type=\"widget\" data-widget_type=\"text-editor.default\">\n\t\t\t\t<div class=\"elementor-widget-container\">\n\t\t\t\t\t\t\t\t\t<p>Dans le cadre d&rsquo;un accompagnement \u00e9largi et en fonction de vos besoins, l\u2019Assistance \u00e0 la Ma\u00eetrise d\u2019Ouvrage (AMO) peut inclure une intervention d\u00e8s les \u00e9tudes pr\u00e9-op\u00e9rationnelles, en passant par la d\u00e9finition du programme et l\u2019estimation de l\u2019enveloppe budg\u00e9taire.<\/p><p>Avec un engagement fort en mati\u00e8re de conseil, nos \u00e9quipes s\u2019emploient \u00e0 d\u00e9fendre les int\u00e9r\u00eats du Ma\u00eetre d\u2019Ouvrage tout en mettant \u00e0 disposition leurs comp\u00e9tences et m\u00e9thodes tout au long de votre projet.<\/p><p>Les missions d\u2019AMO, qu\u2019elles soient administratives, juridiques ou financi\u00e8res, peuvent \u00e9galement inclure une composante technique significative dans le cadre de missions d\u2019Assistance Technique \u00e0 Ma\u00eetrise d\u2019Ouvrage (ATMO).<\/p>\t\t\t\t\t\t\t\t<\/div>\n\t\t\t\t<\/div>\n\t\t\t\t<div class=\"elementor-element elementor-element-327951f elementor-widget elementor-widget-image\" data-id=\"327951f\" data-element_type=\"widget\" data-widget_type=\"image.default\">\n\t\t\t\t<div class=\"elementor-widget-container\">\n\t\t\t\t\t\t\t\t\t\t\t\t\t\t\t<img fetchpriority=\"high\" decoding=\"async\" width=\"800\" height=\"450\" src=\"https:\/\/concept-monaco.com\/wp-content\/uploads\/2024\/10\/amo-1024x576.jpg\" class=\"attachment-large size-large wp-image-605\" alt=\"\" srcset=\"https:\/\/concept-monaco.com\/wp-content\/uploads\/2024\/10\/amo-1024x576.jpg 1024w, https:\/\/concept-monaco.com\/wp-content\/uploads\/2024\/10\/amo-300x169.jpg 300w, https:\/\/concept-monaco.com\/wp-content\/uploads\/2024\/10\/amo-768x432.jpg 768w, https:\/\/concept-monaco.com\/wp-content\/uploads\/2024\/10\/amo-1536x864.jpg 1536w, https:\/\/concept-monaco.com\/wp-content\/uploads\/2024\/10\/amo.jpg 1920w\" sizes=\"(max-width: 800px) 100vw, 800px\" \/>\t\t\t\t\t\t\t\t\t\t\t\t\t\t\t<\/div>\n\t\t\t\t<\/div>\n\t\t\t\t\t<\/div>\n\t\t\t\t<\/div>\n\t\t\t\t<\/div>\n\t\t\t\t\t<\/div>\n\t\t\t\t<\/div>\n\t\t<div class=\"elementor-element elementor-element-4ab675f e-flex e-con-boxed e-con e-parent\" data-id=\"4ab675f\" data-element_type=\"container\">\n\t\t\t\t\t<div class=\"e-con-inner\">\n\t\t\t\t<div class=\"elementor-element elementor-element-2e42199 elementor-widget elementor-widget-heading\" data-id=\"2e42199\" data-element_type=\"widget\" data-widget_type=\"heading.default\">\n\t\t\t\t<div class=\"elementor-widget-container\">\n\t\t\t\t\t<h2 class=\"elementor-heading-title elementor-size-default\">Nos missions<\/h2>\t\t\t\t<\/div>\n\t\t\t\t<\/div>\n\t\t\t\t\t<\/div>\n\t\t\t\t<\/div>\n\t\t<div class=\"elementor-element elementor-element-d508f93 e-flex e-con-boxed e-con e-parent\" data-id=\"d508f93\" data-element_type=\"container\">\n\t\t\t\t\t<div class=\"e-con-inner\">\n\t\t<div class=\"elementor-element elementor-element-1823bab e-con-full e-flex e-con e-child\" data-id=\"1823bab\" data-element_type=\"container\">\n\t\t\t\t<div class=\"elementor-element elementor-element-70cb275 elementor-widget elementor-widget-text-editor\" data-id=\"70cb275\" data-element_type=\"widget\" data-widget_type=\"text-editor.default\">\n\t\t\t\t<div class=\"elementor-widget-container\">\n\t\t\t\t\t\t\t\t\t<p><strong>Programmation<\/strong><\/p><p>\u00c9laboration d\u2019un cahier des charges pr\u00e9cis pour d\u00e9finir les besoins et les objectifs du projet<\/p>\t\t\t\t\t\t\t\t<\/div>\n\t\t\t\t<\/div>\n\t\t\t\t<\/div>\n\t\t<div class=\"elementor-element elementor-element-c574f6d e-con-full e-flex e-con e-child\" data-id=\"c574f6d\" data-element_type=\"container\">\n\t\t\t\t<div class=\"elementor-element elementor-element-849200e elementor-widget elementor-widget-text-editor\" data-id=\"849200e\" data-element_type=\"widget\" data-widget_type=\"text-editor.default\">\n\t\t\t\t<div class=\"elementor-widget-container\">\n\t\t\t\t\t\t\t\t\t<p><strong>Organisation du concours de ma\u00eetrise d\u2019\u0153uvre ou de march\u00e9 global sectoriel<\/strong><\/p><p>Gestion de l\u2019ensemble du processus de s\u00e9lection des intervenants, garantissant ainsi la qualit\u00e9 et la pertinence des propositions re\u00e7ues<\/p>\t\t\t\t\t\t\t\t<\/div>\n\t\t\t\t<\/div>\n\t\t\t\t<\/div>\n\t\t<div class=\"elementor-element elementor-element-5dbd392 e-con-full e-flex e-con e-child\" data-id=\"5dbd392\" data-element_type=\"container\">\n\t\t\t\t<div class=\"elementor-element elementor-element-e48ff0e elementor-widget elementor-widget-text-editor\" data-id=\"e48ff0e\" data-element_type=\"widget\" data-widget_type=\"text-editor.default\">\n\t\t\t\t<div class=\"elementor-widget-container\">\n\t\t\t\t\t\t\t\t\t<p><strong>Consultations des entreprises<\/strong><\/p><p>Pilotage des appels d\u2019offres et des consultations, afin de s\u00e9lectionner les meilleurs partenaires pour chaque phase du projet<\/p>\t\t\t\t\t\t\t\t<\/div>\n\t\t\t\t<\/div>\n\t\t\t\t<\/div>\n\t\t<div class=\"elementor-element elementor-element-1f23ef8 e-con-full e-flex e-con e-child\" data-id=\"1f23ef8\" data-element_type=\"container\">\n\t\t\t\t<div class=\"elementor-element elementor-element-a28245b elementor-widget elementor-widget-text-editor\" data-id=\"a28245b\" data-element_type=\"widget\" data-widget_type=\"text-editor.default\">\n\t\t\t\t<div class=\"elementor-widget-container\">\n\t\t\t\t\t\t\t\t\t<p><strong>Mise en place de tous les intervenants n\u00e9cessaires \u00e0 la r\u00e9alisation du projet<\/strong><\/p><p>Coordination des diff\u00e9rents acteurs impliqu\u00e9s, assurant une synergie efficace entre les \u00e9quipes<\/p>\t\t\t\t\t\t\t\t<\/div>\n\t\t\t\t<\/div>\n\t\t\t\t<\/div>\n\t\t\t\t\t<\/div>\n\t\t\t\t<\/div>\n\t\t<div class=\"elementor-element elementor-element-2f4f30e e-flex e-con-boxed e-con e-parent\" data-id=\"2f4f30e\" data-element_type=\"container\">\n\t\t\t\t\t<div class=\"e-con-inner\">\n\t\t<div class=\"elementor-element elementor-element-2280cae e-con-full e-flex e-con e-child\" data-id=\"2280cae\" data-element_type=\"container\">\n\t\t\t\t<div class=\"elementor-element elementor-element-589eddf elementor-widget elementor-widget-text-editor\" data-id=\"589eddf\" data-element_type=\"widget\" data-widget_type=\"text-editor.default\">\n\t\t\t\t<div class=\"elementor-widget-container\">\n\t\t\t\t\t\t\t\t\t<p><strong>Mise au point et signature de tous les march\u00e9s et suivi de leur ex\u00e9cution<\/strong><\/p><p>Gestion des contrats pour garantir leur conformit\u00e9 et le respect des engagements pris<\/p>\t\t\t\t\t\t\t\t<\/div>\n\t\t\t\t<\/div>\n\t\t\t\t<\/div>\n\t\t<div class=\"elementor-element elementor-element-8c66ffc e-con-full e-flex e-con e-child\" data-id=\"8c66ffc\" data-element_type=\"container\">\n\t\t\t\t<div class=\"elementor-element elementor-element-489d908 elementor-widget elementor-widget-text-editor\" data-id=\"489d908\" data-element_type=\"widget\" data-widget_type=\"text-editor.default\">\n\t\t\t\t<div class=\"elementor-widget-container\">\n\t\t\t\t\t\t\t\t\t<p><strong>Pr\u00e9paration et accompagnement aux r\u00e9ceptions des ouvrages<\/strong><\/p><p>Assistance lors des \u00e9tapes de r\u00e9ception des travaux, pour s&rsquo;assurer que les ouvrages r\u00e9pondent aux attentes<\/p>\t\t\t\t\t\t\t\t<\/div>\n\t\t\t\t<\/div>\n\t\t\t\t<\/div>\n\t\t<div class=\"elementor-element elementor-element-a39179d e-con-full e-flex e-con e-child\" data-id=\"a39179d\" data-element_type=\"container\">\n\t\t\t\t<div class=\"elementor-element elementor-element-c58be80 elementor-widget elementor-widget-text-editor\" data-id=\"c58be80\" data-element_type=\"widget\" data-widget_type=\"text-editor.default\">\n\t\t\t\t<div class=\"elementor-widget-container\">\n\t\t\t\t\t\t\t\t\t<p><strong>Ann\u00e9e de parfait ach\u00e8vement<\/strong><\/p><p>Suivi des garanties et obligations post-r\u00e9ception pour assurer la satisfaction des clients<\/p>\t\t\t\t\t\t\t\t<\/div>\n\t\t\t\t<\/div>\n\t\t\t\t<\/div>\n\t\t<div class=\"elementor-element elementor-element-ec5ba4b e-con-full e-flex e-con e-child\" data-id=\"ec5ba4b\" data-element_type=\"container\">\n\t\t\t\t<div class=\"elementor-element elementor-element-14901ee elementor-widget elementor-widget-text-editor\" data-id=\"14901ee\" data-element_type=\"widget\" data-widget_type=\"text-editor.default\">\n\t\t\t\t<div class=\"elementor-widget-container\">\n\t\t\t\t\t\t\t\t\t<p><strong>Suivi d\u2019exploitation<\/strong><\/p><p>Accompagnement dans l\u2019utilisation et la maintenance des installations, pour optimiser leur performance<\/p>\t\t\t\t\t\t\t\t<\/div>\n\t\t\t\t<\/div>\n\t\t\t\t<\/div>\n\t\t\t\t\t<\/div>\n\t\t\t\t<\/div>\n\t\t<div class=\"elementor-element elementor-element-fe8fc79 e-flex e-con-boxed e-con e-parent\" data-id=\"fe8fc79\" data-element_type=\"container\">\n\t\t\t\t\t<div class=\"e-con-inner\">\n\t\t<div class=\"elementor-element elementor-element-4c35b0b e-con-full e-flex e-con e-child\" data-id=\"4c35b0b\" data-element_type=\"container\">\n\t\t\t\t<div class=\"elementor-element elementor-element-159355d elementor-widget elementor-widget-text-editor\" data-id=\"159355d\" data-element_type=\"widget\" data-widget_type=\"text-editor.default\">\n\t\t\t\t<div class=\"elementor-widget-container\">\n\t\t\t\t\t\t\t\t\t<p><strong>Suivi financier et, le cas \u00e9ch\u00e9ant, r\u00e8glement des intervenants<\/strong><\/p><p>Gestion des aspects financiers du projet, incluant le r\u00e8glement des entreprises impliqu\u00e9es<\/p>\t\t\t\t\t\t\t\t<\/div>\n\t\t\t\t<\/div>\n\t\t\t\t<\/div>\n\t\t<div class=\"elementor-element elementor-element-be54983 e-con-full e-flex e-con e-child\" data-id=\"be54983\" data-element_type=\"container\">\n\t\t\t\t<div class=\"elementor-element elementor-element-ec15eeb elementor-widget elementor-widget-text-editor\" data-id=\"ec15eeb\" data-element_type=\"widget\" data-widget_type=\"text-editor.default\">\n\t\t\t\t<div class=\"elementor-widget-container\">\n\t\t\t\t\t\t\t\t\t<p><strong>Suivi administratif<\/strong><\/p><p>Gestion des documents et des formalit\u00e9s administratives tout au long de l\u2019op\u00e9ration<\/p>\t\t\t\t\t\t\t\t<\/div>\n\t\t\t\t<\/div>\n\t\t\t\t<\/div>\n\t\t<div class=\"elementor-element elementor-element-8ebad52 e-con-full e-flex e-con e-child\" data-id=\"8ebad52\" data-element_type=\"container\">\n\t\t\t\t<div class=\"elementor-element elementor-element-a79279e elementor-widget elementor-widget-text-editor\" data-id=\"a79279e\" data-element_type=\"widget\" data-widget_type=\"text-editor.default\">\n\t\t\t\t<div class=\"elementor-widget-container\">\n\t\t\t\t\t\t\t\t\t<p><strong>Accompagnement juridique de l\u2019op\u00e9ration<\/strong><\/p><p>Conseil sur les aspects juridiques li\u00e9s \u00e0 chaque phase du projet<\/p>\t\t\t\t\t\t\t\t<\/div>\n\t\t\t\t<\/div>\n\t\t\t\t<\/div>\n\t\t<div class=\"elementor-element elementor-element-7d66c59 e-con-full e-flex e-con e-child\" data-id=\"7d66c59\" data-element_type=\"container\">\n\t\t\t\t<div class=\"elementor-element elementor-element-3c00e02 elementor-widget elementor-widget-text-editor\" data-id=\"3c00e02\" data-element_type=\"widget\" data-widget_type=\"text-editor.default\">\n\t\t\t\t<div class=\"elementor-widget-container\">\n\t\t\t\t\t\t\t\t\t<p><strong>Suivi du budget et du planning<\/strong><\/p><p>Surveillance continue des co\u00fbts et des d\u00e9lais, pour garantir le respect des pr\u00e9visions<\/p>\t\t\t\t\t\t\t\t<\/div>\n\t\t\t\t<\/div>\n\t\t\t\t<\/div>\n\t\t\t\t\t<\/div>\n\t\t\t\t<\/div>\n\t\t\t\t<\/div>\n\t\t","protected":false},"excerpt":{"rendered":"<p>Assistance \u00e0 Ma\u00eetrise d\u2019Ouvrage L\u2019expertise de CONCEPT en mati\u00e8re d\u2019assistance \u00e0 ma\u00eetrise d\u2019ouvrage (AMO) accompagne les Ma\u00eetres d\u2019Ouvrage dans la mise en \u0153uvre de leur strat\u00e9gie patrimoniale et la r\u00e9alisation de leurs projets dans des secteurs vari\u00e9s : tertiaire, commerce, enseignement, recherche, justice, ainsi que pour les \u00e9quipements sportifs, culturels, de loisirs ou administratifs. Cette [&hellip;]<\/p>\n","protected":false},"author":1,"featured_media":0,"parent":0,"menu_order":0,"comment_status":"closed","ping_status":"closed","template":"","meta":{"footnotes":""},"class_list":["post-447","page","type-page","status-publish","hentry"],"_links":{"self":[{"href":"https:\/\/concept-monaco.com\/index.php?rest_route=\/wp\/v2\/pages\/447","targetHints":{"allow":["GET"]}}],"collection":[{"href":"https:\/\/concept-monaco.com\/index.php?rest_route=\/wp\/v2\/pages"}],"about":[{"href":"https:\/\/concept-monaco.com\/index.php?rest_route=\/wp\/v2\/types\/page"}],"author":[{"embeddable":true,"href":"https:\/\/concept-monaco.com\/index.php?rest_route=\/wp\/v2\/users\/1"}],"replies":[{"embeddable":true,"href":"https:\/\/concept-monaco.com\/index.php?rest_route=%2Fwp%2Fv2%2Fcomments&post=447"}],"version-history":[{"count":34,"href":"https:\/\/concept-monaco.com\/index.php?rest_route=\/wp\/v2\/pages\/447\/revisions"}],"predecessor-version":[{"id":1093,"href":"https:\/\/concept-monaco.com\/index.php?rest_route=\/wp\/v2\/pages\/447\/revisions\/1093"}],"wp:attachment":[{"href":"https:\/\/concept-monaco.com\/index.php?rest_route=%2Fwp%2Fv2%2Fmedia&parent=447"}],"curies":[{"name":"wp","href":"https:\/\/api.w.org\/{rel}","templated":true}]}}