{"id":888,"date":"2025-07-01T11:40:56","date_gmt":"2025-07-01T09:40:56","guid":{"rendered":"https:\/\/concept-monaco.com\/?page_id=888"},"modified":"2025-07-31T10:51:17","modified_gmt":"2025-07-31T08:51:17","slug":"reflectherm","status":"publish","type":"page","link":"https:\/\/concept-monaco.com\/?page_id=888","title":{"rendered":"Reflectherm"},"content":{"rendered":"\t\t<div data-elementor-type=\"wp-page\" data-elementor-id=\"888\" class=\"elementor elementor-888\" data-elementor-post-type=\"page\">\n\t\t\t\t<div class=\"elementor-element elementor-element-5e1ade23 e-con-full e-flex e-con e-parent\" data-id=\"5e1ade23\" data-element_type=\"container\" data-settings=\"{&quot;background_background&quot;:&quot;video&quot;,&quot;background_video_link&quot;:&quot;\\\/reflectherm.mp4&quot;,&quot;background_play_on_mobile&quot;:&quot;yes&quot;}\">\n\t\t<div class=\"elementor-background-video-container\" aria-hidden=\"true\">\n\t\t\t\t\t\t\t<video class=\"elementor-background-video-hosted\" autoplay muted playsinline loop><\/video>\n\t\t\t\t\t<\/div><div class=\"elementor-element elementor-element-1d7f06f3 e-con-full e-flex e-con e-child\" data-id=\"1d7f06f3\" data-element_type=\"container\" data-settings=\"{&quot;background_background&quot;:&quot;classic&quot;}\">\n\t\t\t\t<div class=\"elementor-element elementor-element-2d15a1c8 elementor-widget elementor-widget-heading\" data-id=\"2d15a1c8\" data-element_type=\"widget\" data-widget_type=\"heading.default\">\n\t\t\t\t<div class=\"elementor-widget-container\">\n\t\t\t\t\t<h2 class=\"elementor-heading-title elementor-size-default\"><b>Next-Generation <\/b><br \/>Reflective Solutions\n<\/h2>\t\t\t\t<\/div>\n\t\t\t\t<\/div>\n\t\t\t\t<\/div>\n\t\t\t\t<\/div>\n\t\t<div class=\"elementor-element elementor-element-3be28bf7 e-flex e-con-boxed e-con e-parent\" data-id=\"3be28bf7\" data-element_type=\"container\">\n\t\t\t\t\t<div class=\"e-con-inner\">\n\t\t<div class=\"elementor-element elementor-element-6b3accff e-con-full e-flex e-con e-child\" data-id=\"6b3accff\" data-element_type=\"container\" data-settings=\"{&quot;background_background&quot;:&quot;classic&quot;}\">\n\t\t\t\t<div class=\"elementor-element elementor-element-8b445cb elementor-widget elementor-widget-text-editor\" data-id=\"8b445cb\" data-element_type=\"widget\" data-widget_type=\"text-editor.default\">\n\t\t\t\t<div class=\"elementor-widget-container\">\n\t\t\t\t\t\t\t\t\t<p><strong>Faites une simulation en ligne<\/strong><\/p>\t\t\t\t\t\t\t\t<\/div>\n\t\t\t\t<\/div>\n\t\t\t\t<div class=\"elementor-element elementor-element-476b108 elementor-widget elementor-widget-text-editor\" data-id=\"476b108\" data-element_type=\"widget\" data-widget_type=\"text-editor.default\">\n\t\t\t\t<div class=\"elementor-widget-container\">\n\t\t\t\t\t\t\t\t\t<p>Acc\u00e9dez \u00e0 notre simulateur en ligne en compl\u00e9tant les champs suivants.<\/p>\t\t\t\t\t\t\t\t<\/div>\n\t\t\t\t<\/div>\n\t\t\t\t<div class=\"elementor-element elementor-element-f22b465 elementor-button-align-stretch elementor-widget elementor-widget-form\" data-id=\"f22b465\" data-element_type=\"widget\" data-settings=\"{&quot;step_next_label&quot;:&quot;Suivant&quot;,&quot;step_previous_label&quot;:&quot;Pr\\u00e9c\\u00e9dent&quot;,&quot;button_width&quot;:&quot;100&quot;,&quot;step_type&quot;:&quot;number_text&quot;,&quot;step_icon_shape&quot;:&quot;circle&quot;}\" data-widget_type=\"form.default\">\n\t\t\t\t<div class=\"elementor-widget-container\">\n\t\t\t\t\t\t\t<form class=\"elementor-form\" method=\"post\" name=\"Nouveau formulaire\" aria-label=\"Nouveau formulaire\">\n\t\t\t<input type=\"hidden\" name=\"post_id\" value=\"888\"\/>\n\t\t\t<input type=\"hidden\" name=\"form_id\" value=\"f22b465\"\/>\n\t\t\t<input type=\"hidden\" name=\"referer_title\" value=\"Reflectherm\" \/>\n\n\t\t\t\t\t\t\t<input type=\"hidden\" name=\"queried_id\" value=\"888\"\/>\n\t\t\t\n\t\t\t<div class=\"elementor-form-fields-wrapper elementor-labels-\">\n\t\t\t\t\t\t\t\t<div class=\"elementor-field-type-text elementor-field-group elementor-column elementor-field-group-name elementor-col-100\">\n\t\t\t\t\t\t\t\t\t\t\t\t<label for=\"form-field-name\" class=\"elementor-field-label elementor-screen-only\">\n\t\t\t\t\t\t\t\tNom\t\t\t\t\t\t\t<\/label>\n\t\t\t\t\t\t\t\t\t\t\t\t\t\t<input size=\"1\" type=\"text\" name=\"form_fields[name]\" id=\"form-field-name\" class=\"elementor-field elementor-size-sm  elementor-field-textual\" placeholder=\"Nom\">\n\t\t\t\t\t\t\t\t\t\t\t<\/div>\n\t\t\t\t\t\t\t\t<div class=\"elementor-field-type-email elementor-field-group elementor-column elementor-field-group-email elementor-col-100 elementor-field-required\">\n\t\t\t\t\t\t\t\t\t\t\t\t<label for=\"form-field-email\" class=\"elementor-field-label elementor-screen-only\">\n\t\t\t\t\t\t\t\tE-mail\t\t\t\t\t\t\t<\/label>\n\t\t\t\t\t\t\t\t\t\t\t\t\t\t<input size=\"1\" type=\"email\" name=\"form_fields[email]\" id=\"form-field-email\" class=\"elementor-field elementor-size-sm  elementor-field-textual\" placeholder=\"E-mail\" required=\"required\">\n\t\t\t\t\t\t\t\t\t\t\t<\/div>\n\t\t\t\t\t\t\t\t<div class=\"elementor-field-type-text elementor-field-group elementor-column elementor-field-group-field_35ae402 elementor-col-100\">\n\t\t\t\t\t\t\t\t\t\t\t\t<label for=\"form-field-field_35ae402\" class=\"elementor-field-label elementor-screen-only\">\n\t\t\t\t\t\t\t\tT\u00e9l\u00e9phone\t\t\t\t\t\t\t<\/label>\n\t\t\t\t\t\t\t\t\t\t\t\t\t\t<input size=\"1\" type=\"text\" name=\"form_fields[field_35ae402]\" id=\"form-field-field_35ae402\" class=\"elementor-field elementor-size-sm  elementor-field-textual\" placeholder=\"T\u00e9l\u00e9phone\">\n\t\t\t\t\t\t\t\t\t\t\t<\/div>\n\t\t\t\t\t\t\t\t<div class=\"elementor-field-type-text elementor-field-group elementor-column elementor-field-group-field_8916bc5 elementor-col-100 elementor-field-required\">\n\t\t\t\t\t\t\t\t\t\t\t\t<label for=\"form-field-field_8916bc5\" class=\"elementor-field-label elementor-screen-only\">\n\t\t\t\t\t\t\t\tSoci\u00e9t\u00e9\t\t\t\t\t\t\t<\/label>\n\t\t\t\t\t\t\t\t\t\t\t\t\t\t<input size=\"1\" type=\"text\" name=\"form_fields[field_8916bc5]\" id=\"form-field-field_8916bc5\" class=\"elementor-field elementor-size-sm  elementor-field-textual\" placeholder=\"Soci\u00e9t\u00e9\" required=\"required\">\n\t\t\t\t\t\t\t\t\t\t\t<\/div>\n\t\t\t\t\t\t\t\t<div class=\"elementor-field-type-textarea elementor-field-group elementor-column elementor-field-group-message elementor-col-100 elementor-field-required\">\n\t\t\t\t\t\t\t\t\t\t\t\t<label for=\"form-field-message\" class=\"elementor-field-label elementor-screen-only\">\n\t\t\t\t\t\t\t\tProjet\t\t\t\t\t\t\t<\/label>\n\t\t\t\t\t\t<textarea class=\"elementor-field-textual elementor-field  elementor-size-sm\" name=\"form_fields[message]\" id=\"form-field-message\" rows=\"4\" placeholder=\"Projet\" required=\"required\"><\/textarea>\t\t\t\t<\/div>\n\t\t\t\t\t\t\t\t<div class=\"elementor-field-group elementor-column elementor-field-type-submit elementor-col-100 e-form__buttons\">\n\t\t\t\t\t<button class=\"elementor-button elementor-size-sm\" type=\"submit\">\n\t\t\t\t\t\t<span class=\"elementor-button-content-wrapper\">\n\t\t\t\t\t\t\t\t\t\t\t\t\t\t\t\t\t\t\t\t\t\t<span class=\"elementor-button-text\">Envoyer<\/span>\n\t\t\t\t\t\t\t\t\t\t\t\t\t<\/span>\n\t\t\t\t\t<\/button>\n\t\t\t\t<\/div>\n\t\t\t<\/div>\n\t\t<\/form>\n\t\t\t\t\t\t<\/div>\n\t\t\t\t<\/div>\n\t\t\t\t<\/div>\n\t\t<div class=\"elementor-element elementor-element-23a9a32a e-con-full e-flex e-con e-child\" data-id=\"23a9a32a\" data-element_type=\"container\">\n\t\t<div class=\"elementor-element elementor-element-721bbf79 e-flex e-con-boxed e-con e-child\" data-id=\"721bbf79\" data-element_type=\"container\">\n\t\t\t\t\t<div class=\"e-con-inner\">\n\t\t\t\t<div class=\"elementor-element elementor-element-4102420 elementor-widget elementor-widget-text-editor\" data-id=\"4102420\" data-element_type=\"widget\" data-widget_type=\"text-editor.default\">\n\t\t\t\t<div class=\"elementor-widget-container\">\n\t\t\t\t\t\t\t\t\t<p>Chaque \u00e9t\u00e9, les pics de chaleur que nous vivons entra\u00eenent la surchauffe de nombreux b\u00e2timents tertiaires, industriels ou d\u2019habitation.<\/p><p>Pour rem\u00e9dier \u00e0 ce probl\u00e8me,\u00a0<strong>sans avoir \u00e0 engager de grands travaux<\/strong>,\u00a0Concept<em> a d\u00e9velopp\u00e9 des solutions concr\u00e8tes et clef en main.<\/em><\/p><p><strong>Faire appel \u00e0 Concept c\u2019est :<\/strong><\/p><ul><li>Choisir un produit \u00e0 la pointe de l\u2019innovation face aux enjeux climatiques et \u00e9conomiques.<\/li><\/ul><ul><li>Disposer de donn\u00e9es permettant le calcul pr\u00e9cis de votre ROI.<\/li><li>Obtenir un retour d\u2019exp\u00e9riences gr\u00e2ce aux relev\u00e9s de temp\u00e9ratures int\u00e9rieures et ext\u00e9rieures faites apr\u00e8s travaux.<\/li><li>Favoriser un acteur engag\u00e9 pour plus de justice climatique et sociale et participer ainsi au changement.<\/li><\/ul>\t\t\t\t\t\t\t\t<\/div>\n\t\t\t\t<\/div>\n\t\t\t\t<div class=\"elementor-element elementor-element-0c0610d elementor-widget elementor-widget-button\" data-id=\"0c0610d\" data-element_type=\"widget\" data-widget_type=\"button.default\">\n\t\t\t\t<div class=\"elementor-widget-container\">\n\t\t\t\t\t\t\t\t\t<div class=\"elementor-button-wrapper\">\n\t\t\t\t\t<a class=\"elementor-button elementor-button-link elementor-size-sm\" href=\"https:\/\/concept-monaco.com\/wp-content\/uploads\/2025\/07\/plaquette_concept.pdf\">\n\t\t\t\t\t\t<span class=\"elementor-button-content-wrapper\">\n\t\t\t\t\t\t<span class=\"elementor-button-icon\">\n\t\t\t\t<svg aria-hidden=\"true\" class=\"e-font-icon-svg e-far-file-pdf\" viewBox=\"0 0 384 512\" xmlns=\"http:\/\/www.w3.org\/2000\/svg\"><path d=\"M369.9 97.9L286 14C277 5 264.8-.1 252.1-.1H48C21.5 0 0 21.5 0 48v416c0 26.5 21.5 48 48 48h288c26.5 0 48-21.5 48-48V131.9c0-12.7-5.1-25-14.1-34zM332.1 128H256V51.9l76.1 76.1zM48 464V48h160v104c0 13.3 10.7 24 24 24h104v288H48zm250.2-143.7c-12.2-12-47-8.7-64.4-6.5-17.2-10.5-28.7-25-36.8-46.3 3.9-16.1 10.1-40.6 5.4-56-4.2-26.2-37.8-23.6-42.6-5.9-4.4 16.1-.4 38.5 7 67.1-10 23.9-24.9 56-35.4 74.4-20 10.3-47 26.2-51 46.2-3.3 15.8 26 55.2 76.1-31.2 22.4-7.4 46.8-16.5 68.4-20.1 18.9 10.2 41 17 55.8 17 25.5 0 28-28.2 17.5-38.7zm-198.1 77.8c5.1-13.7 24.5-29.5 30.4-35-19 30.3-30.4 35.7-30.4 35zm81.6-190.6c7.4 0 6.7 32.1 1.8 40.8-4.4-13.9-4.3-40.8-1.8-40.8zm-24.4 136.6c9.7-16.9 18-37 24.7-54.7 8.3 15.1 18.9 27.2 30.1 35.5-20.8 4.3-38.9 13.1-54.8 19.2zm131.6-5s-5 6-37.3-7.8c35.1-2.6 40.9 5.4 37.3 7.8z\"><\/path><\/svg>\t\t\t<\/span>\n\t\t\t\t\t\t\t\t\t<span class=\"elementor-button-text\">T\u00e9l\u00e9charger notre plaquette<\/span>\n\t\t\t\t\t<\/span>\n\t\t\t\t\t<\/a>\n\t\t\t\t<\/div>\n\t\t\t\t\t\t\t\t<\/div>\n\t\t\t\t<\/div>\n\t\t\t\t<div class=\"elementor-element elementor-element-2bd6cf5 elementor-widget elementor-widget-button\" data-id=\"2bd6cf5\" data-element_type=\"widget\" data-widget_type=\"button.default\">\n\t\t\t\t<div class=\"elementor-widget-container\">\n\t\t\t\t\t\t\t\t\t<div class=\"elementor-button-wrapper\">\n\t\t\t\t\t<a class=\"elementor-button elementor-button-link elementor-size-sm\" href=\"https:\/\/concept-monaco.com\/?page_id=554\">\n\t\t\t\t\t\t<span class=\"elementor-button-content-wrapper\">\n\t\t\t\t\t\t<span class=\"elementor-button-icon\">\n\t\t\t\t<svg aria-hidden=\"true\" class=\"e-font-icon-svg e-fas-phone-alt\" viewBox=\"0 0 512 512\" xmlns=\"http:\/\/www.w3.org\/2000\/svg\"><path d=\"M497.39 361.8l-112-48a24 24 0 0 0-28 6.9l-49.6 60.6A370.66 370.66 0 0 1 130.6 204.11l60.6-49.6a23.94 23.94 0 0 0 6.9-28l-48-112A24.16 24.16 0 0 0 122.6.61l-104 24A24 24 0 0 0 0 48c0 256.5 207.9 464 464 464a24 24 0 0 0 23.4-18.6l24-104a24.29 24.29 0 0 0-14.01-27.6z\"><\/path><\/svg>\t\t\t<\/span>\n\t\t\t\t\t\t\t\t\t<span class=\"elementor-button-text\">Je souhaite \u00eatre rappel\u00e9<\/span>\n\t\t\t\t\t<\/span>\n\t\t\t\t\t<\/a>\n\t\t\t\t<\/div>\n\t\t\t\t\t\t\t\t<\/div>\n\t\t\t\t<\/div>\n\t\t\t\t\t<\/div>\n\t\t\t\t<\/div>\n\t\t\t\t<\/div>\n\t\t\t\t\t<\/div>\n\t\t\t\t<\/div>\n\t\t<div class=\"elementor-element elementor-element-ce7ad56 e-flex e-con-boxed e-con e-parent\" data-id=\"ce7ad56\" data-element_type=\"container\">\n\t\t\t\t\t<div class=\"e-con-inner\">\n\t\t<div class=\"elementor-element elementor-element-b889b5e e-con-full e-flex e-con e-child\" data-id=\"b889b5e\" data-element_type=\"container\">\n\t\t\t\t<div class=\"elementor-element elementor-element-3991cc8 elementor-widget elementor-widget-image\" data-id=\"3991cc8\" data-element_type=\"widget\" data-widget_type=\"image.default\">\n\t\t\t\t<div class=\"elementor-widget-container\">\n\t\t\t\t\t\t\t\t\t\t\t\t\t\t\t<img fetchpriority=\"high\" decoding=\"async\" width=\"476\" height=\"353\" src=\"https:\/\/concept-monaco.com\/wp-content\/uploads\/2025\/07\/01.png\" class=\"attachment-large size-large wp-image-954\" alt=\"\" srcset=\"https:\/\/concept-monaco.com\/wp-content\/uploads\/2025\/07\/01.png 476w, https:\/\/concept-monaco.com\/wp-content\/uploads\/2025\/07\/01-300x222.png 300w\" sizes=\"(max-width: 476px) 100vw, 476px\" \/>\t\t\t\t\t\t\t\t\t\t\t\t\t\t\t<\/div>\n\t\t\t\t<\/div>\n\t\t\t\t<\/div>\n\t\t<div class=\"elementor-element elementor-element-0eb8cdd e-con-full e-flex e-con e-child\" data-id=\"0eb8cdd\" data-element_type=\"container\">\n\t\t\t\t<div class=\"elementor-element elementor-element-2bc9a01 elementor-widget elementor-widget-image\" data-id=\"2bc9a01\" data-element_type=\"widget\" data-widget_type=\"image.default\">\n\t\t\t\t<div class=\"elementor-widget-container\">\n\t\t\t\t\t\t\t\t\t\t\t\t\t\t\t<img decoding=\"async\" width=\"441\" height=\"407\" src=\"https:\/\/concept-monaco.com\/wp-content\/uploads\/2025\/07\/06.png\" class=\"attachment-large size-large wp-image-955\" alt=\"\" srcset=\"https:\/\/concept-monaco.com\/wp-content\/uploads\/2025\/07\/06.png 441w, https:\/\/concept-monaco.com\/wp-content\/uploads\/2025\/07\/06-300x277.png 300w\" sizes=\"(max-width: 441px) 100vw, 441px\" \/>\t\t\t\t\t\t\t\t\t\t\t\t\t\t\t<\/div>\n\t\t\t\t<\/div>\n\t\t\t\t<\/div>\n\t\t\t\t\t<\/div>\n\t\t\t\t<\/div>\n\t\t<div class=\"elementor-element elementor-element-51b0e74 e-flex e-con-boxed e-con e-parent\" data-id=\"51b0e74\" data-element_type=\"container\">\n\t\t\t\t\t<div class=\"e-con-inner\">\n\t\t\t\t<div class=\"elementor-element elementor-element-b2f7580 elementor-widget elementor-widget-heading\" data-id=\"b2f7580\" data-element_type=\"widget\" data-widget_type=\"heading.default\">\n\t\t\t\t<div class=\"elementor-widget-container\">\n\t\t\t\t\t<h2 class=\"elementor-heading-title elementor-size-default\"><b>R\u00e9f\u00e9rences<\/b><\/h2>\t\t\t\t<\/div>\n\t\t\t\t<\/div>\n\t\t\t\t\t<\/div>\n\t\t\t\t<\/div>\n\t\t<div class=\"elementor-element elementor-element-4b99f43 e-flex e-con-boxed e-con e-parent\" data-id=\"4b99f43\" data-element_type=\"container\">\n\t\t\t\t\t<div class=\"e-con-inner\">\n\t\t<div class=\"elementor-element elementor-element-de92a78 e-con-full e-flex e-con e-child\" data-id=\"de92a78\" data-element_type=\"container\">\n\t\t<div class=\"elementor-element elementor-element-7081575 e-con-full e-flex e-con e-child\" data-id=\"7081575\" data-element_type=\"container\">\n\t\t\t\t<div class=\"elementor-element elementor-element-7d4de64 elementor-widget elementor-widget-text-editor\" data-id=\"7d4de64\" data-element_type=\"widget\" data-widget_type=\"text-editor.default\">\n\t\t\t\t<div class=\"elementor-widget-container\">\n\t\t\t\t\t\t\t\t\t<p><strong>Hangar \u2013 Roissy \u2013 1160 m\u00b2<\/strong><\/p>\t\t\t\t\t\t\t\t<\/div>\n\t\t\t\t<\/div>\n\t\t\t\t<\/div>\n\t\t<div class=\"elementor-element elementor-element-0d87ca5 e-con-full e-flex e-con e-child\" data-id=\"0d87ca5\" data-element_type=\"container\">\n\t\t\t\t<div class=\"elementor-element elementor-element-9005a70 elementor-widget elementor-widget-image\" data-id=\"9005a70\" data-element_type=\"widget\" data-widget_type=\"image.default\">\n\t\t\t\t<div class=\"elementor-widget-container\">\n\t\t\t\t\t\t\t\t\t\t\t\t\t\t\t<img decoding=\"async\" width=\"525\" height=\"247\" src=\"https:\/\/concept-monaco.com\/wp-content\/uploads\/2025\/07\/reflectherm_toiture.jpg\" class=\"attachment-large size-large wp-image-904\" alt=\"\" srcset=\"https:\/\/concept-monaco.com\/wp-content\/uploads\/2025\/07\/reflectherm_toiture.jpg 525w, https:\/\/concept-monaco.com\/wp-content\/uploads\/2025\/07\/reflectherm_toiture-300x141.jpg 300w\" sizes=\"(max-width: 525px) 100vw, 525px\" \/>\t\t\t\t\t\t\t\t\t\t\t\t\t\t\t<\/div>\n\t\t\t\t<\/div>\n\t\t\t\t<\/div>\n\t\t<div class=\"elementor-element elementor-element-4cde8f9 e-con-full e-flex e-con e-child\" data-id=\"4cde8f9\" data-element_type=\"container\">\n\t\t\t\t<div class=\"elementor-element elementor-element-f740f48 elementor-widget elementor-widget-text-editor\" data-id=\"f740f48\" data-element_type=\"widget\" data-widget_type=\"text-editor.default\">\n\t\t\t\t<div class=\"elementor-widget-container\">\n\t\t\t\t\t\t\t\t\t<p><strong>Sujet\u00a0<\/strong>: Surchauffe estivale et surconsommation de climatisation<br \/><strong>Solution :\u00a0<\/strong>REFLECTHERM membrane bitume + analyse sur p\u00e9riode Jul18\/Jul19<br \/><strong>Instrumentation :\u00a0<\/strong>Relev\u00e9s de T jet\u00e9e ouest (avec REFLECTHERM) vs. jet\u00e9e est (sans REFLECTHERM).<\/p>\t\t\t\t\t\t\t\t<\/div>\n\t\t\t\t<\/div>\n\t\t\t\t<div class=\"elementor-element elementor-element-0d7a895 elementor-widget elementor-widget-image\" data-id=\"0d7a895\" data-element_type=\"widget\" data-widget_type=\"image.default\">\n\t\t\t\t<div class=\"elementor-widget-container\">\n\t\t\t\t\t\t\t\t\t\t\t\t\t\t\t<img loading=\"lazy\" decoding=\"async\" width=\"303\" height=\"296\" src=\"https:\/\/concept-monaco.com\/wp-content\/uploads\/2025\/07\/hangar.jpg\" class=\"attachment-large size-large wp-image-905\" alt=\"\" srcset=\"https:\/\/concept-monaco.com\/wp-content\/uploads\/2025\/07\/hangar.jpg 303w, https:\/\/concept-monaco.com\/wp-content\/uploads\/2025\/07\/hangar-300x293.jpg 300w\" sizes=\"(max-width: 303px) 100vw, 303px\" \/>\t\t\t\t\t\t\t\t\t\t\t\t\t\t\t<\/div>\n\t\t\t\t<\/div>\n\t\t\t\t<\/div>\n\t\t\t\t<\/div>\n\t\t<div class=\"elementor-element elementor-element-e1b93ff e-con-full e-flex e-con e-child\" data-id=\"e1b93ff\" data-element_type=\"container\">\n\t\t<div class=\"elementor-element elementor-element-1e53260 e-con-full e-flex e-con e-child\" data-id=\"1e53260\" data-element_type=\"container\">\n\t\t\t\t<div class=\"elementor-element elementor-element-1bf9e5c elementor-widget elementor-widget-text-editor\" data-id=\"1bf9e5c\" data-element_type=\"widget\" data-widget_type=\"text-editor.default\">\n\t\t\t\t<div class=\"elementor-widget-container\">\n\t\t\t\t\t\t\t\t\t<strong>Centre commercial \u2013 6350 m\u00b2<\/strong>\t\t\t\t\t\t\t\t<\/div>\n\t\t\t\t<\/div>\n\t\t\t\t<\/div>\n\t\t<div class=\"elementor-element elementor-element-b971017 e-con-full e-flex e-con e-child\" data-id=\"b971017\" data-element_type=\"container\">\n\t\t\t\t<div class=\"elementor-element elementor-element-fd79e0b elementor-widget elementor-widget-image\" data-id=\"fd79e0b\" data-element_type=\"widget\" data-widget_type=\"image.default\">\n\t\t\t\t<div class=\"elementor-widget-container\">\n\t\t\t\t\t\t\t\t\t\t\t\t\t\t\t<img loading=\"lazy\" decoding=\"async\" width=\"307\" height=\"231\" src=\"https:\/\/concept-monaco.com\/wp-content\/uploads\/2025\/07\/peinture-toitute-centre-commercial.jpg\" class=\"attachment-large size-large wp-image-909\" alt=\"\" srcset=\"https:\/\/concept-monaco.com\/wp-content\/uploads\/2025\/07\/peinture-toitute-centre-commercial.jpg 307w, https:\/\/concept-monaco.com\/wp-content\/uploads\/2025\/07\/peinture-toitute-centre-commercial-300x226.jpg 300w\" sizes=\"(max-width: 307px) 100vw, 307px\" \/>\t\t\t\t\t\t\t\t\t\t\t\t\t\t\t<\/div>\n\t\t\t\t<\/div>\n\t\t\t\t<\/div>\n\t\t<div class=\"elementor-element elementor-element-9d6d55b e-con-full e-flex e-con e-child\" data-id=\"9d6d55b\" data-element_type=\"container\">\n\t\t\t\t<div class=\"elementor-element elementor-element-38c2e4b elementor-widget elementor-widget-text-editor\" data-id=\"38c2e4b\" data-element_type=\"widget\" data-widget_type=\"text-editor.default\">\n\t\t\t\t<div class=\"elementor-widget-container\">\n\t\t\t\t\t\t\t\t\t<p><strong>Sujet :<\/strong>\u00a0Surchauffe estivale et surconsommation de climatisation<br \/><strong>Solution :\u00a0<\/strong>REFLECTHERM sur membrane bitumineuse + analyse sur p\u00e9riode Jun18 Aug20<br \/><strong>Instrumentation :\u00a0<\/strong>N\/A\u2026 suivi des consommations<\/p>\t\t\t\t\t\t\t\t<\/div>\n\t\t\t\t<\/div>\n\t\t\t\t<div class=\"elementor-element elementor-element-b82fbe3 elementor-widget elementor-widget-image\" data-id=\"b82fbe3\" data-element_type=\"widget\" data-widget_type=\"image.default\">\n\t\t\t\t<div class=\"elementor-widget-container\">\n\t\t\t\t\t\t\t\t\t\t\t\t\t\t\t<img loading=\"lazy\" decoding=\"async\" width=\"529\" height=\"373\" src=\"https:\/\/concept-monaco.com\/wp-content\/uploads\/2025\/07\/centre-commercial.jpg\" class=\"attachment-large size-large wp-image-913\" alt=\"\" srcset=\"https:\/\/concept-monaco.com\/wp-content\/uploads\/2025\/07\/centre-commercial.jpg 529w, https:\/\/concept-monaco.com\/wp-content\/uploads\/2025\/07\/centre-commercial-300x212.jpg 300w\" sizes=\"(max-width: 529px) 100vw, 529px\" \/>\t\t\t\t\t\t\t\t\t\t\t\t\t\t\t<\/div>\n\t\t\t\t<\/div>\n\t\t\t\t<\/div>\n\t\t\t\t<\/div>\n\t\t\t\t\t<\/div>\n\t\t\t\t<\/div>\n\t\t<div class=\"elementor-element elementor-element-5510a2a e-flex e-con-boxed e-con e-parent\" data-id=\"5510a2a\" data-element_type=\"container\">\n\t\t\t\t\t<div class=\"e-con-inner\">\n\t\t<div class=\"elementor-element elementor-element-21e28c6 e-con-full e-flex e-con e-child\" data-id=\"21e28c6\" data-element_type=\"container\">\n\t\t<div class=\"elementor-element elementor-element-003408e e-con-full e-flex e-con e-child\" data-id=\"003408e\" data-element_type=\"container\">\n\t\t\t\t<div class=\"elementor-element elementor-element-32a34c2 elementor-widget elementor-widget-text-editor\" data-id=\"32a34c2\" data-element_type=\"widget\" data-widget_type=\"text-editor.default\">\n\t\t\t\t<div class=\"elementor-widget-container\">\n\t\t\t\t\t\t\t\t\t<strong>Toiture station essence \u2013 1066 m\u00b2<\/strong>\t\t\t\t\t\t\t\t<\/div>\n\t\t\t\t<\/div>\n\t\t\t\t<\/div>\n\t\t<div class=\"elementor-element elementor-element-32d4d20 e-con-full e-flex e-con e-child\" data-id=\"32d4d20\" data-element_type=\"container\">\n\t\t\t\t<div class=\"elementor-element elementor-element-ebc6d7d elementor-widget elementor-widget-image\" data-id=\"ebc6d7d\" data-element_type=\"widget\" data-widget_type=\"image.default\">\n\t\t\t\t<div class=\"elementor-widget-container\">\n\t\t\t\t\t\t\t\t\t\t\t\t\t\t\t<img loading=\"lazy\" decoding=\"async\" width=\"567\" height=\"259\" src=\"https:\/\/concept-monaco.com\/wp-content\/uploads\/2025\/07\/station-service.jpg\" class=\"attachment-large size-large wp-image-922\" alt=\"\" srcset=\"https:\/\/concept-monaco.com\/wp-content\/uploads\/2025\/07\/station-service.jpg 567w, https:\/\/concept-monaco.com\/wp-content\/uploads\/2025\/07\/station-service-300x137.jpg 300w\" sizes=\"(max-width: 567px) 100vw, 567px\" \/>\t\t\t\t\t\t\t\t\t\t\t\t\t\t\t<\/div>\n\t\t\t\t<\/div>\n\t\t\t\t<\/div>\n\t\t<div class=\"elementor-element elementor-element-b52c2cd e-con-full e-flex e-con e-child\" data-id=\"b52c2cd\" data-element_type=\"container\">\n\t\t\t\t<div class=\"elementor-element elementor-element-6201887 elementor-widget elementor-widget-text-editor\" data-id=\"6201887\" data-element_type=\"widget\" data-widget_type=\"text-editor.default\">\n\t\t\t\t<div class=\"elementor-widget-container\">\n\t\t\t\t\t\t\t\t\t<p><strong>Sujet :<\/strong>\u00a0Surchauffe estivale<br \/><strong>Solution :<\/strong>\u00a0REFLECTHERM sur toiture m\u00e9tallique + analyse sur p\u00e9riode Jul21\/Aug21<br \/><strong>Instrumentation :<\/strong>\u00a0Relev\u00e9s de T surface vs. sous face<\/p>\t\t\t\t\t\t\t\t<\/div>\n\t\t\t\t<\/div>\n\t\t\t\t<div class=\"elementor-element elementor-element-f7b46c4 elementor-widget elementor-widget-image\" data-id=\"f7b46c4\" data-element_type=\"widget\" data-widget_type=\"image.default\">\n\t\t\t\t<div class=\"elementor-widget-container\">\n\t\t\t\t\t\t\t\t\t\t\t\t\t\t\t<img loading=\"lazy\" decoding=\"async\" width=\"303\" height=\"296\" src=\"https:\/\/concept-monaco.com\/wp-content\/uploads\/2025\/07\/hangar.jpg\" class=\"attachment-large size-large wp-image-905\" alt=\"\" srcset=\"https:\/\/concept-monaco.com\/wp-content\/uploads\/2025\/07\/hangar.jpg 303w, https:\/\/concept-monaco.com\/wp-content\/uploads\/2025\/07\/hangar-300x293.jpg 300w\" sizes=\"(max-width: 303px) 100vw, 303px\" \/>\t\t\t\t\t\t\t\t\t\t\t\t\t\t\t<\/div>\n\t\t\t\t<\/div>\n\t\t\t\t<\/div>\n\t\t\t\t<\/div>\n\t\t<div class=\"elementor-element elementor-element-ec07e91 e-con-full e-flex e-con e-child\" data-id=\"ec07e91\" data-element_type=\"container\">\n\t\t<div class=\"elementor-element elementor-element-5f7ecc1 e-con-full e-flex e-con e-child\" data-id=\"5f7ecc1\" data-element_type=\"container\">\n\t\t\t\t<\/div>\n\t\t<div class=\"elementor-element elementor-element-fd73843 e-con-full e-flex e-con e-child\" data-id=\"fd73843\" data-element_type=\"container\">\n\t\t\t\t<\/div>\n\t\t\t\t<\/div>\n\t\t\t\t\t<\/div>\n\t\t\t\t<\/div>\n\t\t\t\t<\/div>\n\t\t","protected":false},"excerpt":{"rendered":"<p>Next-Generation Reflective Solutions Faites une simulation en ligne Acc\u00e9dez \u00e0 notre simulateur en ligne en compl\u00e9tant les champs suivants. Chaque \u00e9t\u00e9, les pics de chaleur que nous vivons entra\u00eenent la surchauffe de nombreux b\u00e2timents tertiaires, industriels ou d\u2019habitation. Pour rem\u00e9dier \u00e0 ce probl\u00e8me,\u00a0sans avoir \u00e0 engager de grands travaux,\u00a0Concept a d\u00e9velopp\u00e9 des solutions concr\u00e8tes et [&hellip;]<\/p>\n","protected":false},"author":1,"featured_media":0,"parent":0,"menu_order":0,"comment_status":"closed","ping_status":"closed","template":"","meta":{"footnotes":""},"class_list":["post-888","page","type-page","status-publish","hentry"],"_links":{"self":[{"href":"https:\/\/concept-monaco.com\/index.php?rest_route=\/wp\/v2\/pages\/888","targetHints":{"allow":["GET"]}}],"collection":[{"href":"https:\/\/concept-monaco.com\/index.php?rest_route=\/wp\/v2\/pages"}],"about":[{"href":"https:\/\/concept-monaco.com\/index.php?rest_route=\/wp\/v2\/types\/page"}],"author":[{"embeddable":true,"href":"https:\/\/concept-monaco.com\/index.php?rest_route=\/wp\/v2\/users\/1"}],"replies":[{"embeddable":true,"href":"https:\/\/concept-monaco.com\/index.php?rest_route=%2Fwp%2Fv2%2Fcomments&post=888"}],"version-history":[{"count":109,"href":"https:\/\/concept-monaco.com\/index.php?rest_route=\/wp\/v2\/pages\/888\/revisions"}],"predecessor-version":[{"id":1074,"href":"https:\/\/concept-monaco.com\/index.php?rest_route=\/wp\/v2\/pages\/888\/revisions\/1074"}],"wp:attachment":[{"href":"https:\/\/concept-monaco.com\/index.php?rest_route=%2Fwp%2Fv2%2Fmedia&parent=888"}],"curies":[{"name":"wp","href":"https:\/\/api.w.org\/{rel}","templated":true}]}}